{"id":1111,"date":"2025-09-30T10:10:56","date_gmt":"2025-09-30T14:10:56","guid":{"rendered":"https:\/\/bkfinancialservices.ca\/blog\/"},"modified":"2026-04-28T00:57:16","modified_gmt":"2026-04-28T04:57:16","slug":"blogue","status":"publish","type":"page","link":"https:\/\/bkfinancialservices.ca\/fr\/blogue\/","title":{"rendered":"Blogue"},"content":{"rendered":"","protected":false},"excerpt":{"rendered":"","protected":false},"author":1,"featured_media":0,"parent":0,"menu_order":0,"comment_status":"closed","ping_status":"closed","template":"","meta":{"_yoast_wpseo_focuskw":"","_yoast_wpseo_title":"Blogue | Planification financi\u00e8re et fiscale au Qu\u00e9bec - Boris Kolodner","_yoast_wpseo_metadesc":"Perspectives de Boris Kolodner, MBA - conseiller en s\u00e9curit\u00e9 financi\u00e8re agr\u00e9\u00e9 (AMF\/CSF). Articles sur l'assurance, les investissements, les hypoth\u00e8ques et la planification fiscale pour le Qu\u00e9bec.","_yoast_wpseo_meta-robots-noindex":"","_yoast_wpseo_meta-robots-nofollow":"","_yoast_wpseo_canonical":"","footnotes":""},"class_list":["post-1111","page","type-page","status-publish","hentry"],"yoast_head":"<!-- This site is optimized with the Yoast SEO plugin v27.5 - https:\/\/yoast.com\/product\/yoast-seo-wordpress\/ -->\n<title>Blogue | Planification financi\u00e8re et fiscale au Qu\u00e9bec - Boris Kolodner<\/title>\n<meta name=\"description\" content=\"Perspectives de Boris Kolodner, MBA - conseiller en s\u00e9curit\u00e9 financi\u00e8re agr\u00e9\u00e9 (AMF\/CSF). Articles sur l&#039;assurance, les investissements, les hypoth\u00e8ques et la planification fiscale pour le Qu\u00e9bec.\" \/>\n<meta name=\"robots\" content=\"index, follow, max-snippet:-1, max-image-preview:large, max-video-preview:-1\" \/>\n<link rel=\"canonical\" href=\"https:\/\/bkfinancialservices.ca\/fr\/blogue\/\" \/>\n<meta property=\"og:locale\" content=\"fr_FR\" \/>\n<meta property=\"og:type\" content=\"article\" \/>\n<meta property=\"og:title\" content=\"Blogue | Planification financi\u00e8re et fiscale au Qu\u00e9bec - Boris Kolodner\" \/>\n<meta property=\"og:description\" content=\"Perspectives de Boris Kolodner, MBA - conseiller en s\u00e9curit\u00e9 financi\u00e8re agr\u00e9\u00e9 (AMF\/CSF). Articles sur l&#039;assurance, les investissements, les hypoth\u00e8ques et la planification fiscale pour le Qu\u00e9bec.\" \/>\n<meta property=\"og:url\" content=\"https:\/\/bkfinancialservices.ca\/fr\/blogue\/\" \/>\n<meta property=\"og:site_name\" content=\"BK Financial Services\" \/>\n<meta property=\"article:modified_time\" content=\"2026-04-28T04:57:16+00:00\" \/>\n<meta name=\"twitter:card\" content=\"summary_large_image\" \/>\n<meta name=\"twitter:label1\" content=\"Dur\u00e9e de lecture estim\u00e9e\" \/>\n\t<meta name=\"twitter:data1\" content=\"1 minute\" \/>\n<script type=\"application\/ld+json\" class=\"yoast-schema-graph\">{\"@context\":\"https:\\\/\\\/schema.org\",\"@graph\":[{\"@type\":\"WebPage\",\"@id\":\"https:\\\/\\\/bkfinancialservices.ca\\\/fr\\\/blogue\\\/\",\"url\":\"https:\\\/\\\/bkfinancialservices.ca\\\/fr\\\/blogue\\\/\",\"name\":\"Blogue | Planification financi\u00e8re et fiscale au Qu\u00e9bec - Boris Kolodner\",\"isPartOf\":{\"@id\":\"https:\\\/\\\/bkfinancialservices.ca\\\/fr\\\/#website\"},\"datePublished\":\"2025-09-30T14:10:56+00:00\",\"dateModified\":\"2026-04-28T04:57:16+00:00\",\"description\":\"Perspectives de Boris Kolodner, MBA - conseiller en s\u00e9curit\u00e9 financi\u00e8re agr\u00e9\u00e9 (AMF\\\/CSF). Articles sur l'assurance, les investissements, les hypoth\u00e8ques et la planification fiscale pour le Qu\u00e9bec.\",\"breadcrumb\":{\"@id\":\"https:\\\/\\\/bkfinancialservices.ca\\\/fr\\\/blogue\\\/#breadcrumb\"},\"inLanguage\":\"fr-FR\",\"potentialAction\":[{\"@type\":\"ReadAction\",\"target\":[\"https:\\\/\\\/bkfinancialservices.ca\\\/fr\\\/blogue\\\/\"]}]},{\"@type\":\"BreadcrumbList\",\"@id\":\"https:\\\/\\\/bkfinancialservices.ca\\\/fr\\\/blogue\\\/#breadcrumb\",\"itemListElement\":[{\"@type\":\"ListItem\",\"position\":1,\"name\":\"Home\",\"item\":\"https:\\\/\\\/bkfinancialservices.ca\\\/fr\\\/\"},{\"@type\":\"ListItem\",\"position\":2,\"name\":\"Blogue\"}]},{\"@type\":\"WebSite\",\"@id\":\"https:\\\/\\\/bkfinancialservices.ca\\\/fr\\\/#website\",\"url\":\"https:\\\/\\\/bkfinancialservices.ca\\\/fr\\\/\",\"name\":\"BK Financial Services\",\"description\":\"\",\"potentialAction\":[{\"@type\":\"SearchAction\",\"target\":{\"@type\":\"EntryPoint\",\"urlTemplate\":\"https:\\\/\\\/bkfinancialservices.ca\\\/fr\\\/?s={search_term_string}\"},\"query-input\":{\"@type\":\"PropertyValueSpecification\",\"valueRequired\":true,\"valueName\":\"search_term_string\"}}],\"inLanguage\":\"fr-FR\"}]}<\/script>\n<!-- \/ Yoast SEO plugin. -->","yoast_head_json":{"title":"Blogue | Planification financi\u00e8re et fiscale au Qu\u00e9bec - Boris Kolodner","description":"Perspectives de Boris Kolodner, MBA - conseiller en s\u00e9curit\u00e9 financi\u00e8re agr\u00e9\u00e9 (AMF\/CSF). Articles sur l'assurance, les investissements, les hypoth\u00e8ques et la planification fiscale pour le Qu\u00e9bec.","robots":{"index":"index","follow":"follow","max-snippet":"max-snippet:-1","max-image-preview":"max-image-preview:large","max-video-preview":"max-video-preview:-1"},"canonical":"https:\/\/bkfinancialservices.ca\/fr\/blogue\/","og_locale":"fr_FR","og_type":"article","og_title":"Blogue | Planification financi\u00e8re et fiscale au Qu\u00e9bec - Boris Kolodner","og_description":"Perspectives de Boris Kolodner, MBA - conseiller en s\u00e9curit\u00e9 financi\u00e8re agr\u00e9\u00e9 (AMF\/CSF). Articles sur l'assurance, les investissements, les hypoth\u00e8ques et la planification fiscale pour le Qu\u00e9bec.","og_url":"https:\/\/bkfinancialservices.ca\/fr\/blogue\/","og_site_name":"BK Financial Services","article_modified_time":"2026-04-28T04:57:16+00:00","twitter_card":"summary_large_image","twitter_misc":{"Dur\u00e9e de lecture estim\u00e9e":"1 minute"},"schema":{"@context":"https:\/\/schema.org","@graph":[{"@type":"WebPage","@id":"https:\/\/bkfinancialservices.ca\/fr\/blogue\/","url":"https:\/\/bkfinancialservices.ca\/fr\/blogue\/","name":"Blogue | Planification financi\u00e8re et fiscale au Qu\u00e9bec - Boris Kolodner","isPartOf":{"@id":"https:\/\/bkfinancialservices.ca\/fr\/#website"},"datePublished":"2025-09-30T14:10:56+00:00","dateModified":"2026-04-28T04:57:16+00:00","description":"Perspectives de Boris Kolodner, MBA - conseiller en s\u00e9curit\u00e9 financi\u00e8re agr\u00e9\u00e9 (AMF\/CSF). Articles sur l'assurance, les investissements, les hypoth\u00e8ques et la planification fiscale pour le Qu\u00e9bec.","breadcrumb":{"@id":"https:\/\/bkfinancialservices.ca\/fr\/blogue\/#breadcrumb"},"inLanguage":"fr-FR","potentialAction":[{"@type":"ReadAction","target":["https:\/\/bkfinancialservices.ca\/fr\/blogue\/"]}]},{"@type":"BreadcrumbList","@id":"https:\/\/bkfinancialservices.ca\/fr\/blogue\/#breadcrumb","itemListElement":[{"@type":"ListItem","position":1,"name":"Home","item":"https:\/\/bkfinancialservices.ca\/fr\/"},{"@type":"ListItem","position":2,"name":"Blogue"}]},{"@type":"WebSite","@id":"https:\/\/bkfinancialservices.ca\/fr\/#website","url":"https:\/\/bkfinancialservices.ca\/fr\/","name":"BK Financial Services","description":"","potentialAction":[{"@type":"SearchAction","target":{"@type":"EntryPoint","urlTemplate":"https:\/\/bkfinancialservices.ca\/fr\/?s={search_term_string}"},"query-input":{"@type":"PropertyValueSpecification","valueRequired":true,"valueName":"search_term_string"}}],"inLanguage":"fr-FR"}]}},"_links":{"self":[{"href":"https:\/\/bkfinancialservices.ca\/fr\/wp-json\/wp\/v2\/pages\/1111","targetHints":{"allow":["GET"]}}],"collection":[{"href":"https:\/\/bkfinancialservices.ca\/fr\/wp-json\/wp\/v2\/pages"}],"about":[{"href":"https:\/\/bkfinancialservices.ca\/fr\/wp-json\/wp\/v2\/types\/page"}],"author":[{"embeddable":true,"href":"https:\/\/bkfinancialservices.ca\/fr\/wp-json\/wp\/v2\/users\/1"}],"replies":[{"embeddable":true,"href":"https:\/\/bkfinancialservices.ca\/fr\/wp-json\/wp\/v2\/comments?post=1111"}],"version-history":[{"count":4,"href":"https:\/\/bkfinancialservices.ca\/fr\/wp-json\/wp\/v2\/pages\/1111\/revisions"}],"predecessor-version":[{"id":2824,"href":"https:\/\/bkfinancialservices.ca\/fr\/wp-json\/wp\/v2\/pages\/1111\/revisions\/2824"}],"wp:attachment":[{"href":"https:\/\/bkfinancialservices.ca\/fr\/wp-json\/wp\/v2\/media?parent=1111"}],"curies":[{"name":"wp","href":"https:\/\/api.w.org\/{rel}","templated":true}]}}