{"id":1125,"date":"2025-09-17T07:59:09","date_gmt":"2025-09-17T11:59:09","guid":{"rendered":"https:\/\/bkfinancialservices.ca\/accueil\/"},"modified":"2025-12-30T04:01:30","modified_gmt":"2025-12-30T09:01:30","slug":"accueil","status":"publish","type":"page","link":"https:\/\/bkfinancialservices.ca\/fr\/","title":{"rendered":"Accueil"},"content":{"rendered":"","protected":false},"excerpt":{"rendered":"","protected":false},"author":1,"featured_media":2866,"parent":0,"menu_order":0,"comment_status":"closed","ping_status":"closed","template":"","meta":{"_yoast_wpseo_focuskw":"","_yoast_wpseo_title":"Boris Kolodner | Planificateur financier au Canada \u2013 Investissements, Assurances, Hypoth\u00e8ques, Planification fiscale","_yoast_wpseo_metadesc":"Boris Kolodner, MBA \u2013 Planificateur financier et Conseiller en s\u00e9curit\u00e9 financi\u00e8re agr\u00e9\u00e9 avec plus de 20 ans d'exp\u00e9rience. Soutien professionnel en investissements, assurances, hypoth\u00e8ques et planification fiscale. Services disponibles en anglais, fran\u00e7ais, russe et h\u00e9breu.","_yoast_wpseo_meta-robots-noindex":"","_yoast_wpseo_meta-robots-nofollow":"","_yoast_wpseo_canonical":"","footnotes":""},"class_list":["post-1125","page","type-page","status-publish","has-post-thumbnail","hentry"],"yoast_head":"<!-- This site is optimized with the Yoast SEO plugin v27.5 - https:\/\/yoast.com\/product\/yoast-seo-wordpress\/ -->\n<title>Boris Kolodner | Planificateur financier au Canada \u2013 Investissements, Assurances, Hypoth\u00e8ques, Planification fiscale<\/title>\n<meta name=\"description\" content=\"Boris Kolodner, MBA \u2013 Planificateur financier et Conseiller en s\u00e9curit\u00e9 financi\u00e8re agr\u00e9\u00e9 avec plus de 20 ans d&#039;exp\u00e9rience. Soutien professionnel en investissements, assurances, hypoth\u00e8ques et planification fiscale. Services disponibles en anglais, fran\u00e7ais, russe et h\u00e9breu.\" \/>\n<meta name=\"robots\" content=\"index, follow, max-snippet:-1, max-image-preview:large, max-video-preview:-1\" \/>\n<link rel=\"canonical\" href=\"https:\/\/bkfinancialservices.ca\/fr\/\" \/>\n<meta property=\"og:locale\" content=\"fr_FR\" \/>\n<meta property=\"og:type\" content=\"article\" \/>\n<meta property=\"og:title\" content=\"Boris Kolodner | Planificateur financier au Canada \u2013 Investissements, Assurances, Hypoth\u00e8ques, Planification fiscale\" \/>\n<meta property=\"og:description\" content=\"Boris Kolodner, MBA \u2013 Planificateur financier et Conseiller en s\u00e9curit\u00e9 financi\u00e8re agr\u00e9\u00e9 avec plus de 20 ans d&#039;exp\u00e9rience. Soutien professionnel en investissements, assurances, hypoth\u00e8ques et planification fiscale. Services disponibles en anglais, fran\u00e7ais, russe et h\u00e9breu.\" \/>\n<meta property=\"og:url\" content=\"https:\/\/bkfinancialservices.ca\/fr\/\" \/>\n<meta property=\"og:site_name\" content=\"BK Financial Services\" \/>\n<meta property=\"article:modified_time\" content=\"2025-12-30T09:01:30+00:00\" \/>\n<meta name=\"twitter:card\" content=\"summary_large_image\" \/>\n<script type=\"application\/ld+json\" class=\"yoast-schema-graph\">{\"@context\":\"https:\\\/\\\/schema.org\",\"@graph\":[{\"@type\":\"WebPage\",\"@id\":\"https:\\\/\\\/bkfinancialservices.ca\\\/fr\\\/\",\"url\":\"https:\\\/\\\/bkfinancialservices.ca\\\/fr\\\/\",\"name\":\"Boris Kolodner | Planificateur financier au Canada \u2013 Investissements, Assurances, Hypoth\u00e8ques, Planification fiscale\",\"isPartOf\":{\"@id\":\"https:\\\/\\\/bkfinancialservices.ca\\\/fr\\\/#website\"},\"primaryImageOfPage\":{\"@id\":\"https:\\\/\\\/bkfinancialservices.ca\\\/fr\\\/#primaryimage\"},\"image\":{\"@id\":\"https:\\\/\\\/bkfinancialservices.ca\\\/fr\\\/#primaryimage\"},\"thumbnailUrl\":\"https:\\\/\\\/bkfinancialservices.ca\\\/wp-content\\\/uploads\\\/2026\\\/05\\\/BK-logo-EN.jpg\",\"datePublished\":\"2025-09-17T11:59:09+00:00\",\"dateModified\":\"2025-12-30T09:01:30+00:00\",\"description\":\"Boris Kolodner, MBA \u2013 Planificateur financier et Conseiller en s\u00e9curit\u00e9 financi\u00e8re agr\u00e9\u00e9 avec plus de 20 ans d'exp\u00e9rience. Soutien professionnel en investissements, assurances, hypoth\u00e8ques et planification fiscale. Services disponibles en anglais, fran\u00e7ais, russe et h\u00e9breu.\",\"breadcrumb\":{\"@id\":\"https:\\\/\\\/bkfinancialservices.ca\\\/fr\\\/#breadcrumb\"},\"inLanguage\":\"fr-FR\",\"potentialAction\":[{\"@type\":\"ReadAction\",\"target\":[\"https:\\\/\\\/bkfinancialservices.ca\\\/fr\\\/\"]}]},{\"@type\":\"ImageObject\",\"inLanguage\":\"fr-FR\",\"@id\":\"https:\\\/\\\/bkfinancialservices.ca\\\/fr\\\/#primaryimage\",\"url\":\"https:\\\/\\\/bkfinancialservices.ca\\\/wp-content\\\/uploads\\\/2026\\\/05\\\/BK-logo-EN.jpg\",\"contentUrl\":\"https:\\\/\\\/bkfinancialservices.ca\\\/wp-content\\\/uploads\\\/2026\\\/05\\\/BK-logo-EN.jpg\",\"width\":1200,\"height\":630},{\"@type\":\"BreadcrumbList\",\"@id\":\"https:\\\/\\\/bkfinancialservices.ca\\\/fr\\\/#breadcrumb\",\"itemListElement\":[{\"@type\":\"ListItem\",\"position\":1,\"name\":\"Home\",\"item\":\"https:\\\/\\\/bkfinancialservices.ca\\\/fr\\\/\"},{\"@type\":\"ListItem\",\"position\":2,\"name\":\"Accueil\"}]},{\"@type\":\"WebSite\",\"@id\":\"https:\\\/\\\/bkfinancialservices.ca\\\/fr\\\/#website\",\"url\":\"https:\\\/\\\/bkfinancialservices.ca\\\/fr\\\/\",\"name\":\"BK Financial Services\",\"description\":\"\",\"potentialAction\":[{\"@type\":\"SearchAction\",\"target\":{\"@type\":\"EntryPoint\",\"urlTemplate\":\"https:\\\/\\\/bkfinancialservices.ca\\\/fr\\\/?s={search_term_string}\"},\"query-input\":{\"@type\":\"PropertyValueSpecification\",\"valueRequired\":true,\"valueName\":\"search_term_string\"}}],\"inLanguage\":\"fr-FR\"}]}<\/script>\n<!-- \/ Yoast SEO plugin. -->","yoast_head_json":{"title":"Boris Kolodner | Planificateur financier au Canada \u2013 Investissements, Assurances, Hypoth\u00e8ques, Planification fiscale","description":"Boris Kolodner, MBA \u2013 Planificateur financier et Conseiller en s\u00e9curit\u00e9 financi\u00e8re agr\u00e9\u00e9 avec plus de 20 ans d'exp\u00e9rience. Soutien professionnel en investissements, assurances, hypoth\u00e8ques et planification fiscale. Services disponibles en anglais, fran\u00e7ais, russe et h\u00e9breu.","robots":{"index":"index","follow":"follow","max-snippet":"max-snippet:-1","max-image-preview":"max-image-preview:large","max-video-preview":"max-video-preview:-1"},"canonical":"https:\/\/bkfinancialservices.ca\/fr\/","og_locale":"fr_FR","og_type":"article","og_title":"Boris Kolodner | Planificateur financier au Canada \u2013 Investissements, Assurances, Hypoth\u00e8ques, Planification fiscale","og_description":"Boris Kolodner, MBA \u2013 Planificateur financier et Conseiller en s\u00e9curit\u00e9 financi\u00e8re agr\u00e9\u00e9 avec plus de 20 ans d'exp\u00e9rience. Soutien professionnel en investissements, assurances, hypoth\u00e8ques et planification fiscale. Services disponibles en anglais, fran\u00e7ais, russe et h\u00e9breu.","og_url":"https:\/\/bkfinancialservices.ca\/fr\/","og_site_name":"BK Financial Services","article_modified_time":"2025-12-30T09:01:30+00:00","twitter_card":"summary_large_image","schema":{"@context":"https:\/\/schema.org","@graph":[{"@type":"WebPage","@id":"https:\/\/bkfinancialservices.ca\/fr\/","url":"https:\/\/bkfinancialservices.ca\/fr\/","name":"Boris Kolodner | Planificateur financier au Canada \u2013 Investissements, Assurances, Hypoth\u00e8ques, Planification fiscale","isPartOf":{"@id":"https:\/\/bkfinancialservices.ca\/fr\/#website"},"primaryImageOfPage":{"@id":"https:\/\/bkfinancialservices.ca\/fr\/#primaryimage"},"image":{"@id":"https:\/\/bkfinancialservices.ca\/fr\/#primaryimage"},"thumbnailUrl":"https:\/\/bkfinancialservices.ca\/wp-content\/uploads\/2026\/05\/BK-logo-EN.jpg","datePublished":"2025-09-17T11:59:09+00:00","dateModified":"2025-12-30T09:01:30+00:00","description":"Boris Kolodner, MBA \u2013 Planificateur financier et Conseiller en s\u00e9curit\u00e9 financi\u00e8re agr\u00e9\u00e9 avec plus de 20 ans d'exp\u00e9rience. Soutien professionnel en investissements, assurances, hypoth\u00e8ques et planification fiscale. Services disponibles en anglais, fran\u00e7ais, russe et h\u00e9breu.","breadcrumb":{"@id":"https:\/\/bkfinancialservices.ca\/fr\/#breadcrumb"},"inLanguage":"fr-FR","potentialAction":[{"@type":"ReadAction","target":["https:\/\/bkfinancialservices.ca\/fr\/"]}]},{"@type":"ImageObject","inLanguage":"fr-FR","@id":"https:\/\/bkfinancialservices.ca\/fr\/#primaryimage","url":"https:\/\/bkfinancialservices.ca\/wp-content\/uploads\/2026\/05\/BK-logo-EN.jpg","contentUrl":"https:\/\/bkfinancialservices.ca\/wp-content\/uploads\/2026\/05\/BK-logo-EN.jpg","width":1200,"height":630},{"@type":"BreadcrumbList","@id":"https:\/\/bkfinancialservices.ca\/fr\/#breadcrumb","itemListElement":[{"@type":"ListItem","position":1,"name":"Home","item":"https:\/\/bkfinancialservices.ca\/fr\/"},{"@type":"ListItem","position":2,"name":"Accueil"}]},{"@type":"WebSite","@id":"https:\/\/bkfinancialservices.ca\/fr\/#website","url":"https:\/\/bkfinancialservices.ca\/fr\/","name":"BK Financial Services","description":"","potentialAction":[{"@type":"SearchAction","target":{"@type":"EntryPoint","urlTemplate":"https:\/\/bkfinancialservices.ca\/fr\/?s={search_term_string}"},"query-input":{"@type":"PropertyValueSpecification","valueRequired":true,"valueName":"search_term_string"}}],"inLanguage":"fr-FR"}]}},"_links":{"self":[{"href":"https:\/\/bkfinancialservices.ca\/fr\/wp-json\/wp\/v2\/pages\/1125","targetHints":{"allow":["GET"]}}],"collection":[{"href":"https:\/\/bkfinancialservices.ca\/fr\/wp-json\/wp\/v2\/pages"}],"about":[{"href":"https:\/\/bkfinancialservices.ca\/fr\/wp-json\/wp\/v2\/types\/page"}],"author":[{"embeddable":true,"href":"https:\/\/bkfinancialservices.ca\/fr\/wp-json\/wp\/v2\/users\/1"}],"replies":[{"embeddable":true,"href":"https:\/\/bkfinancialservices.ca\/fr\/wp-json\/wp\/v2\/comments?post=1125"}],"version-history":[{"count":2,"href":"https:\/\/bkfinancialservices.ca\/fr\/wp-json\/wp\/v2\/pages\/1125\/revisions"}],"predecessor-version":[{"id":2378,"href":"https:\/\/bkfinancialservices.ca\/fr\/wp-json\/wp\/v2\/pages\/1125\/revisions\/2378"}],"wp:featuredmedia":[{"embeddable":true,"href":"https:\/\/bkfinancialservices.ca\/fr\/wp-json\/wp\/v2\/media\/2866"}],"wp:attachment":[{"href":"https:\/\/bkfinancialservices.ca\/fr\/wp-json\/wp\/v2\/media?parent=1125"}],"curies":[{"name":"wp","href":"https:\/\/api.w.org\/{rel}","templated":true}]}}