{"id":1143,"date":"2025-10-02T13:19:57","date_gmt":"2025-10-02T17:19:57","guid":{"rendered":"https:\/\/bkfinancialservices.ca\/courtage-hypothecaire-au-canada-comparez-les-taux-et-obtenez-le-bon-pret\/"},"modified":"2025-12-30T04:09:10","modified_gmt":"2025-12-30T09:09:10","slug":"courtage-hypothecaire","status":"publish","type":"page","link":"https:\/\/bkfinancialservices.ca\/fr\/courtage-hypothecaire\/","title":{"rendered":"Courtage hypoth\u00e9caire au Canada \u2013 comparez les taux et obtenez le bon pr\u00eat"},"content":{"rendered":"","protected":false},"excerpt":{"rendered":"","protected":false},"author":1,"featured_media":0,"parent":0,"menu_order":0,"comment_status":"closed","ping_status":"closed","template":"","meta":{"_yoast_wpseo_focuskw":"","_yoast_wpseo_title":"Courtage hypoth\u00e9caire au Qu\u00e9bec \u2013 comparez les options et les taux","_yoast_wpseo_metadesc":"Conseils hypoth\u00e9caires ind\u00e9pendants : r\u00e9sidentiel, commercial et hypoth\u00e8que invers\u00e9e. Comparez les taux des grandes banques (Banque Nationale du Canada, RBC, TD, CIBC, BMO, Scotiabank, Desjardins) et des pr\u00eateurs non bancaires.","_yoast_wpseo_meta-robots-noindex":"","_yoast_wpseo_meta-robots-nofollow":"","_yoast_wpseo_canonical":"","footnotes":""},"class_list":["post-1143","page","type-page","status-publish","hentry"],"yoast_head":"<!-- This site is optimized with the Yoast SEO plugin v27.5 - https:\/\/yoast.com\/product\/yoast-seo-wordpress\/ -->\n<title>Courtage hypoth\u00e9caire au Qu\u00e9bec \u2013 comparez les options et les taux<\/title>\n<meta name=\"description\" content=\"Conseils hypoth\u00e9caires ind\u00e9pendants : r\u00e9sidentiel, commercial et hypoth\u00e8que invers\u00e9e. Comparez les taux des grandes banques (Banque Nationale du Canada, RBC, TD, CIBC, BMO, Scotiabank, Desjardins) et des pr\u00eateurs non bancaires.\" \/>\n<meta name=\"robots\" content=\"index, follow, max-snippet:-1, max-image-preview:large, max-video-preview:-1\" \/>\n<link rel=\"canonical\" href=\"https:\/\/bkfinancialservices.ca\/fr\/courtage-hypothecaire\/\" \/>\n<meta property=\"og:locale\" content=\"fr_FR\" \/>\n<meta property=\"og:type\" content=\"article\" \/>\n<meta property=\"og:title\" content=\"Courtage hypoth\u00e9caire au Qu\u00e9bec \u2013 comparez les options et les taux\" \/>\n<meta property=\"og:description\" content=\"Conseils hypoth\u00e9caires ind\u00e9pendants : r\u00e9sidentiel, commercial et hypoth\u00e8que invers\u00e9e. Comparez les taux des grandes banques (Banque Nationale du Canada, RBC, TD, CIBC, BMO, Scotiabank, Desjardins) et des pr\u00eateurs non bancaires.\" \/>\n<meta property=\"og:url\" content=\"https:\/\/bkfinancialservices.ca\/fr\/courtage-hypothecaire\/\" \/>\n<meta property=\"og:site_name\" content=\"BK Financial Services\" \/>\n<meta property=\"article:modified_time\" content=\"2025-12-30T09:09:10+00:00\" \/>\n<meta name=\"twitter:card\" content=\"summary_large_image\" \/>\n<meta name=\"twitter:label1\" content=\"Dur\u00e9e de lecture estim\u00e9e\" \/>\n\t<meta name=\"twitter:data1\" content=\"10 minutes\" \/>\n<script type=\"application\/ld+json\" class=\"yoast-schema-graph\">{\"@context\":\"https:\\\/\\\/schema.org\",\"@graph\":[{\"@type\":\"WebPage\",\"@id\":\"https:\\\/\\\/bkfinancialservices.ca\\\/fr\\\/courtage-hypothecaire\\\/\",\"url\":\"https:\\\/\\\/bkfinancialservices.ca\\\/fr\\\/courtage-hypothecaire\\\/\",\"name\":\"Courtage hypoth\u00e9caire au Qu\u00e9bec \u2013 comparez les options et les taux\",\"isPartOf\":{\"@id\":\"https:\\\/\\\/bkfinancialservices.ca\\\/fr\\\/#website\"},\"datePublished\":\"2025-10-02T17:19:57+00:00\",\"dateModified\":\"2025-12-30T09:09:10+00:00\",\"description\":\"Conseils hypoth\u00e9caires ind\u00e9pendants : r\u00e9sidentiel, commercial et hypoth\u00e8que invers\u00e9e. Comparez les taux des grandes banques (Banque Nationale du Canada, RBC, TD, CIBC, BMO, Scotiabank, Desjardins) et des pr\u00eateurs non bancaires.\",\"breadcrumb\":{\"@id\":\"https:\\\/\\\/bkfinancialservices.ca\\\/fr\\\/courtage-hypothecaire\\\/#breadcrumb\"},\"inLanguage\":\"fr-FR\",\"potentialAction\":[{\"@type\":\"ReadAction\",\"target\":[\"https:\\\/\\\/bkfinancialservices.ca\\\/fr\\\/courtage-hypothecaire\\\/\"]}]},{\"@type\":\"BreadcrumbList\",\"@id\":\"https:\\\/\\\/bkfinancialservices.ca\\\/fr\\\/courtage-hypothecaire\\\/#breadcrumb\",\"itemListElement\":[{\"@type\":\"ListItem\",\"position\":1,\"name\":\"Home\",\"item\":\"https:\\\/\\\/bkfinancialservices.ca\\\/fr\\\/\"},{\"@type\":\"ListItem\",\"position\":2,\"name\":\"Courtage hypoth\u00e9caire au Canada \u2013 comparez les taux et obtenez le bon pr\u00eat\"}]},{\"@type\":\"WebSite\",\"@id\":\"https:\\\/\\\/bkfinancialservices.ca\\\/fr\\\/#website\",\"url\":\"https:\\\/\\\/bkfinancialservices.ca\\\/fr\\\/\",\"name\":\"BK Financial Services\",\"description\":\"\",\"potentialAction\":[{\"@type\":\"SearchAction\",\"target\":{\"@type\":\"EntryPoint\",\"urlTemplate\":\"https:\\\/\\\/bkfinancialservices.ca\\\/fr\\\/?s={search_term_string}\"},\"query-input\":{\"@type\":\"PropertyValueSpecification\",\"valueRequired\":true,\"valueName\":\"search_term_string\"}}],\"inLanguage\":\"fr-FR\"}]}<\/script>\n<!-- \/ Yoast SEO plugin. -->","yoast_head_json":{"title":"Courtage hypoth\u00e9caire au Qu\u00e9bec \u2013 comparez les options et les taux","description":"Conseils hypoth\u00e9caires ind\u00e9pendants : r\u00e9sidentiel, commercial et hypoth\u00e8que invers\u00e9e. Comparez les taux des grandes banques (Banque Nationale du Canada, RBC, TD, CIBC, BMO, Scotiabank, Desjardins) et des pr\u00eateurs non bancaires.","robots":{"index":"index","follow":"follow","max-snippet":"max-snippet:-1","max-image-preview":"max-image-preview:large","max-video-preview":"max-video-preview:-1"},"canonical":"https:\/\/bkfinancialservices.ca\/fr\/courtage-hypothecaire\/","og_locale":"fr_FR","og_type":"article","og_title":"Courtage hypoth\u00e9caire au Qu\u00e9bec \u2013 comparez les options et les taux","og_description":"Conseils hypoth\u00e9caires ind\u00e9pendants : r\u00e9sidentiel, commercial et hypoth\u00e8que invers\u00e9e. Comparez les taux des grandes banques (Banque Nationale du Canada, RBC, TD, CIBC, BMO, Scotiabank, Desjardins) et des pr\u00eateurs non bancaires.","og_url":"https:\/\/bkfinancialservices.ca\/fr\/courtage-hypothecaire\/","og_site_name":"BK Financial Services","article_modified_time":"2025-12-30T09:09:10+00:00","twitter_card":"summary_large_image","twitter_misc":{"Dur\u00e9e de lecture estim\u00e9e":"10 minutes"},"schema":{"@context":"https:\/\/schema.org","@graph":[{"@type":"WebPage","@id":"https:\/\/bkfinancialservices.ca\/fr\/courtage-hypothecaire\/","url":"https:\/\/bkfinancialservices.ca\/fr\/courtage-hypothecaire\/","name":"Courtage hypoth\u00e9caire au Qu\u00e9bec \u2013 comparez les options et les taux","isPartOf":{"@id":"https:\/\/bkfinancialservices.ca\/fr\/#website"},"datePublished":"2025-10-02T17:19:57+00:00","dateModified":"2025-12-30T09:09:10+00:00","description":"Conseils hypoth\u00e9caires ind\u00e9pendants : r\u00e9sidentiel, commercial et hypoth\u00e8que invers\u00e9e. Comparez les taux des grandes banques (Banque Nationale du Canada, RBC, TD, CIBC, BMO, Scotiabank, Desjardins) et des pr\u00eateurs non bancaires.","breadcrumb":{"@id":"https:\/\/bkfinancialservices.ca\/fr\/courtage-hypothecaire\/#breadcrumb"},"inLanguage":"fr-FR","potentialAction":[{"@type":"ReadAction","target":["https:\/\/bkfinancialservices.ca\/fr\/courtage-hypothecaire\/"]}]},{"@type":"BreadcrumbList","@id":"https:\/\/bkfinancialservices.ca\/fr\/courtage-hypothecaire\/#breadcrumb","itemListElement":[{"@type":"ListItem","position":1,"name":"Home","item":"https:\/\/bkfinancialservices.ca\/fr\/"},{"@type":"ListItem","position":2,"name":"Courtage hypoth\u00e9caire au Canada \u2013 comparez les taux et obtenez le bon pr\u00eat"}]},{"@type":"WebSite","@id":"https:\/\/bkfinancialservices.ca\/fr\/#website","url":"https:\/\/bkfinancialservices.ca\/fr\/","name":"BK Financial Services","description":"","potentialAction":[{"@type":"SearchAction","target":{"@type":"EntryPoint","urlTemplate":"https:\/\/bkfinancialservices.ca\/fr\/?s={search_term_string}"},"query-input":{"@type":"PropertyValueSpecification","valueRequired":true,"valueName":"search_term_string"}}],"inLanguage":"fr-FR"}]}},"_links":{"self":[{"href":"https:\/\/bkfinancialservices.ca\/fr\/wp-json\/wp\/v2\/pages\/1143","targetHints":{"allow":["GET"]}}],"collection":[{"href":"https:\/\/bkfinancialservices.ca\/fr\/wp-json\/wp\/v2\/pages"}],"about":[{"href":"https:\/\/bkfinancialservices.ca\/fr\/wp-json\/wp\/v2\/types\/page"}],"author":[{"embeddable":true,"href":"https:\/\/bkfinancialservices.ca\/fr\/wp-json\/wp\/v2\/users\/1"}],"replies":[{"embeddable":true,"href":"https:\/\/bkfinancialservices.ca\/fr\/wp-json\/wp\/v2\/comments?post=1143"}],"version-history":[{"count":1,"href":"https:\/\/bkfinancialservices.ca\/fr\/wp-json\/wp\/v2\/pages\/1143\/revisions"}],"predecessor-version":[{"id":2380,"href":"https:\/\/bkfinancialservices.ca\/fr\/wp-json\/wp\/v2\/pages\/1143\/revisions\/2380"}],"wp:attachment":[{"href":"https:\/\/bkfinancialservices.ca\/fr\/wp-json\/wp\/v2\/media?parent=1143"}],"curies":[{"name":"wp","href":"https:\/\/api.w.org\/{rel}","templated":true}]}}