{"id":1159,"date":"2025-10-03T09:35:47","date_gmt":"2025-10-03T13:35:47","guid":{"rendered":"https:\/\/bkfinancialservices.ca\/investissements-au-quebec-celi-reer-reee-celiapp-reei-et-strategies-avancees\/"},"modified":"2025-12-30T04:10:50","modified_gmt":"2025-12-30T09:10:50","slug":"investissements","status":"publish","type":"page","link":"https:\/\/bkfinancialservices.ca\/fr\/investissements\/","title":{"rendered":"Investissements au Qu\u00e9bec \u2013 C\u00c9LI, REER, REEE, CELIAPP, REEI et strat\u00e9gies avanc\u00e9es"},"content":{"rendered":"","protected":false},"excerpt":{"rendered":"","protected":false},"author":1,"featured_media":0,"parent":0,"menu_order":0,"comment_status":"closed","ping_status":"closed","template":"","meta":{"_yoast_wpseo_focuskw":"","_yoast_wpseo_title":"Conseils en investissement et coordination au Qu\u00e9bec \u2013 C\u00c9LI, REER, CELIAPP, REEE, REEI","_yoast_wpseo_metadesc":"Planification financi\u00e8re ind\u00e9pendante au Qu\u00e9bec. Strat\u00e9gies avec C\u00c9LI, REER, CELIAPP, REEE, REEI, pr\u00eats d'investissement et solutions de pr\u00eat-assurance.","_yoast_wpseo_meta-robots-noindex":"","_yoast_wpseo_meta-robots-nofollow":"","_yoast_wpseo_canonical":"","footnotes":""},"class_list":["post-1159","page","type-page","status-publish","hentry"],"yoast_head":"<!-- This site is optimized with the Yoast SEO plugin v27.5 - https:\/\/yoast.com\/product\/yoast-seo-wordpress\/ -->\n<title>Conseils en investissement et coordination au Qu\u00e9bec \u2013 C\u00c9LI, REER, CELIAPP, REEE, REEI<\/title>\n<meta name=\"description\" content=\"Planification financi\u00e8re ind\u00e9pendante au Qu\u00e9bec. Strat\u00e9gies avec C\u00c9LI, REER, CELIAPP, REEE, REEI, pr\u00eats d&#039;investissement et solutions de pr\u00eat-assurance.\" \/>\n<meta name=\"robots\" content=\"index, follow, max-snippet:-1, max-image-preview:large, max-video-preview:-1\" \/>\n<link rel=\"canonical\" href=\"https:\/\/bkfinancialservices.ca\/fr\/investissements\/\" \/>\n<meta property=\"og:locale\" content=\"fr_FR\" \/>\n<meta property=\"og:type\" content=\"article\" \/>\n<meta property=\"og:title\" content=\"Conseils en investissement et coordination au Qu\u00e9bec \u2013 C\u00c9LI, REER, CELIAPP, REEE, REEI\" \/>\n<meta property=\"og:description\" content=\"Planification financi\u00e8re ind\u00e9pendante au Qu\u00e9bec. Strat\u00e9gies avec C\u00c9LI, REER, CELIAPP, REEE, REEI, pr\u00eats d&#039;investissement et solutions de pr\u00eat-assurance.\" \/>\n<meta property=\"og:url\" content=\"https:\/\/bkfinancialservices.ca\/fr\/investissements\/\" \/>\n<meta property=\"og:site_name\" content=\"BK Financial Services\" \/>\n<meta property=\"article:modified_time\" content=\"2025-12-30T09:10:50+00:00\" \/>\n<meta name=\"twitter:card\" content=\"summary_large_image\" \/>\n<meta name=\"twitter:label1\" content=\"Dur\u00e9e de lecture estim\u00e9e\" \/>\n\t<meta name=\"twitter:data1\" content=\"11 minutes\" \/>\n<script type=\"application\/ld+json\" class=\"yoast-schema-graph\">{\"@context\":\"https:\\\/\\\/schema.org\",\"@graph\":[{\"@type\":\"WebPage\",\"@id\":\"https:\\\/\\\/bkfinancialservices.ca\\\/fr\\\/investissements\\\/\",\"url\":\"https:\\\/\\\/bkfinancialservices.ca\\\/fr\\\/investissements\\\/\",\"name\":\"Conseils en investissement et coordination au Qu\u00e9bec \u2013 C\u00c9LI, REER, CELIAPP, REEE, REEI\",\"isPartOf\":{\"@id\":\"https:\\\/\\\/bkfinancialservices.ca\\\/fr\\\/#website\"},\"datePublished\":\"2025-10-03T13:35:47+00:00\",\"dateModified\":\"2025-12-30T09:10:50+00:00\",\"description\":\"Planification financi\u00e8re ind\u00e9pendante au Qu\u00e9bec. Strat\u00e9gies avec C\u00c9LI, REER, CELIAPP, REEE, REEI, pr\u00eats d'investissement et solutions de pr\u00eat-assurance.\",\"breadcrumb\":{\"@id\":\"https:\\\/\\\/bkfinancialservices.ca\\\/fr\\\/investissements\\\/#breadcrumb\"},\"inLanguage\":\"fr-FR\",\"potentialAction\":[{\"@type\":\"ReadAction\",\"target\":[\"https:\\\/\\\/bkfinancialservices.ca\\\/fr\\\/investissements\\\/\"]}]},{\"@type\":\"BreadcrumbList\",\"@id\":\"https:\\\/\\\/bkfinancialservices.ca\\\/fr\\\/investissements\\\/#breadcrumb\",\"itemListElement\":[{\"@type\":\"ListItem\",\"position\":1,\"name\":\"Home\",\"item\":\"https:\\\/\\\/bkfinancialservices.ca\\\/fr\\\/\"},{\"@type\":\"ListItem\",\"position\":2,\"name\":\"Investissements au Qu\u00e9bec \u2013 C\u00c9LI, REER, REEE, CELIAPP, REEI et strat\u00e9gies avanc\u00e9es\"}]},{\"@type\":\"WebSite\",\"@id\":\"https:\\\/\\\/bkfinancialservices.ca\\\/fr\\\/#website\",\"url\":\"https:\\\/\\\/bkfinancialservices.ca\\\/fr\\\/\",\"name\":\"BK Financial Services\",\"description\":\"\",\"potentialAction\":[{\"@type\":\"SearchAction\",\"target\":{\"@type\":\"EntryPoint\",\"urlTemplate\":\"https:\\\/\\\/bkfinancialservices.ca\\\/fr\\\/?s={search_term_string}\"},\"query-input\":{\"@type\":\"PropertyValueSpecification\",\"valueRequired\":true,\"valueName\":\"search_term_string\"}}],\"inLanguage\":\"fr-FR\"}]}<\/script>\n<!-- \/ Yoast SEO plugin. -->","yoast_head_json":{"title":"Conseils en investissement et coordination au Qu\u00e9bec \u2013 C\u00c9LI, REER, CELIAPP, REEE, REEI","description":"Planification financi\u00e8re ind\u00e9pendante au Qu\u00e9bec. Strat\u00e9gies avec C\u00c9LI, REER, CELIAPP, REEE, REEI, pr\u00eats d'investissement et solutions de pr\u00eat-assurance.","robots":{"index":"index","follow":"follow","max-snippet":"max-snippet:-1","max-image-preview":"max-image-preview:large","max-video-preview":"max-video-preview:-1"},"canonical":"https:\/\/bkfinancialservices.ca\/fr\/investissements\/","og_locale":"fr_FR","og_type":"article","og_title":"Conseils en investissement et coordination au Qu\u00e9bec \u2013 C\u00c9LI, REER, CELIAPP, REEE, REEI","og_description":"Planification financi\u00e8re ind\u00e9pendante au Qu\u00e9bec. Strat\u00e9gies avec C\u00c9LI, REER, CELIAPP, REEE, REEI, pr\u00eats d'investissement et solutions de pr\u00eat-assurance.","og_url":"https:\/\/bkfinancialservices.ca\/fr\/investissements\/","og_site_name":"BK Financial Services","article_modified_time":"2025-12-30T09:10:50+00:00","twitter_card":"summary_large_image","twitter_misc":{"Dur\u00e9e de lecture estim\u00e9e":"11 minutes"},"schema":{"@context":"https:\/\/schema.org","@graph":[{"@type":"WebPage","@id":"https:\/\/bkfinancialservices.ca\/fr\/investissements\/","url":"https:\/\/bkfinancialservices.ca\/fr\/investissements\/","name":"Conseils en investissement et coordination au Qu\u00e9bec \u2013 C\u00c9LI, REER, CELIAPP, REEE, REEI","isPartOf":{"@id":"https:\/\/bkfinancialservices.ca\/fr\/#website"},"datePublished":"2025-10-03T13:35:47+00:00","dateModified":"2025-12-30T09:10:50+00:00","description":"Planification financi\u00e8re ind\u00e9pendante au Qu\u00e9bec. Strat\u00e9gies avec C\u00c9LI, REER, CELIAPP, REEE, REEI, pr\u00eats d'investissement et solutions de pr\u00eat-assurance.","breadcrumb":{"@id":"https:\/\/bkfinancialservices.ca\/fr\/investissements\/#breadcrumb"},"inLanguage":"fr-FR","potentialAction":[{"@type":"ReadAction","target":["https:\/\/bkfinancialservices.ca\/fr\/investissements\/"]}]},{"@type":"BreadcrumbList","@id":"https:\/\/bkfinancialservices.ca\/fr\/investissements\/#breadcrumb","itemListElement":[{"@type":"ListItem","position":1,"name":"Home","item":"https:\/\/bkfinancialservices.ca\/fr\/"},{"@type":"ListItem","position":2,"name":"Investissements au Qu\u00e9bec \u2013 C\u00c9LI, REER, REEE, CELIAPP, REEI et strat\u00e9gies avanc\u00e9es"}]},{"@type":"WebSite","@id":"https:\/\/bkfinancialservices.ca\/fr\/#website","url":"https:\/\/bkfinancialservices.ca\/fr\/","name":"BK Financial Services","description":"","potentialAction":[{"@type":"SearchAction","target":{"@type":"EntryPoint","urlTemplate":"https:\/\/bkfinancialservices.ca\/fr\/?s={search_term_string}"},"query-input":{"@type":"PropertyValueSpecification","valueRequired":true,"valueName":"search_term_string"}}],"inLanguage":"fr-FR"}]}},"_links":{"self":[{"href":"https:\/\/bkfinancialservices.ca\/fr\/wp-json\/wp\/v2\/pages\/1159","targetHints":{"allow":["GET"]}}],"collection":[{"href":"https:\/\/bkfinancialservices.ca\/fr\/wp-json\/wp\/v2\/pages"}],"about":[{"href":"https:\/\/bkfinancialservices.ca\/fr\/wp-json\/wp\/v2\/types\/page"}],"author":[{"embeddable":true,"href":"https:\/\/bkfinancialservices.ca\/fr\/wp-json\/wp\/v2\/users\/1"}],"replies":[{"embeddable":true,"href":"https:\/\/bkfinancialservices.ca\/fr\/wp-json\/wp\/v2\/comments?post=1159"}],"version-history":[{"count":1,"href":"https:\/\/bkfinancialservices.ca\/fr\/wp-json\/wp\/v2\/pages\/1159\/revisions"}],"predecessor-version":[{"id":2381,"href":"https:\/\/bkfinancialservices.ca\/fr\/wp-json\/wp\/v2\/pages\/1159\/revisions\/2381"}],"wp:attachment":[{"href":"https:\/\/bkfinancialservices.ca\/fr\/wp-json\/wp\/v2\/media?parent=1159"}],"curies":[{"name":"wp","href":"https:\/\/api.w.org\/{rel}","templated":true}]}}